{"id":13,"date":"2023-03-21T03:36:43","date_gmt":"2023-03-21T06:36:43","guid":{"rendered":"https:\/\/jazznaavenida.com\/?page_id=13"},"modified":"2026-01-29T11:58:17","modified_gmt":"2026-01-29T14:58:17","slug":"home","status":"publish","type":"page","link":"https:\/\/jazznaavenida.com\/","title":{"rendered":"Home"},"content":{"rendered":"\t\t<div data-elementor-type=\"wp-page\" data-elementor-id=\"13\" class=\"elementor elementor-13\">\n\t\t\t\t\t\t<section data-particle_enable=\"false\" data-particle-mobile-disabled=\"false\" class=\"elementor-section elementor-top-section elementor-element elementor-element-0c41af3 elementor-hidden-mobile elementor-section-stretched elementor-section-boxed elementor-section-height-default elementor-section-height-default\" data-id=\"0c41af3\" data-element_type=\"section\" data-settings=\"{&quot;background_background&quot;:&quot;classic&quot;,&quot;stretch_section&quot;:&quot;section-stretched&quot;}\">\n\t\t\t\t\t\t<div class=\"elementor-container elementor-column-gap-default\">\n\t\t\t\t\t<div class=\"elementor-column elementor-col-20 elementor-top-column elementor-element elementor-element-8b97d2a\" data-id=\"8b97d2a\" data-element_type=\"column\">\n\t\t\t<div class=\"elementor-widget-wrap\">\n\t\t\t\t\t\t\t<\/div>\n\t\t<\/div>\n\t\t\t\t<div class=\"elementor-column elementor-col-20 elementor-top-column elementor-element elementor-element-f4d24d1\" data-id=\"f4d24d1\" data-element_type=\"column\">\n\t\t\t<div class=\"elementor-widget-wrap elementor-element-populated\">\n\t\t\t\t\t\t<div class=\"elementor-element elementor-element-75ab5e7 eael_advanced_menu_hamburger_disable_selected_menu_no eael-advanced-menu--no elementor-widget elementor-widget-eael-advanced-menu\" data-id=\"75ab5e7\" data-element_type=\"widget\" data-widget_type=\"eael-advanced-menu.default\">\n\t\t\t\t<div class=\"elementor-widget-container\">\n\t\t\t<div class=\"eael-advanced-menu-container eael-advanced-menu-align-right eael-advanced-menu-dropdown-align-center\" data-indicator-class=\"fas fa-angle-down fa-solid\" data-dropdown-indicator-class=\"fas fa-angle-down fa-solid\"><ul id=\"menu-menu-header-esquerda\" class=\"eael-advanced-menu eael-advanced-menu-dropdown-animate-to-top eael-advanced-menu-indicator eael-advanced-menu-horizontal\"><li id=\"menu-item-1419\" class=\"menu-item menu-item-type-custom menu-item-object-custom menu-item-1419\"><a href=\"https:\/\/jazznaavenida.com\/index.php\/faq\/\" class=\"menu-link\">faq<\/a><\/li>\n<li id=\"menu-item-1389\" class=\"menu-item menu-item-type-custom menu-item-object-custom menu-item-1389\"><a href=\"https:\/\/jazznaavenida.com\/index.php\/acao-social\/\" class=\"menu-link\">a\u00e7\u00e3o social<\/a><\/li>\n<li id=\"menu-item-1410\" class=\"menu-item menu-item-type-custom menu-item-object-custom menu-item-has-children menu-item-1410\"><a href=\"#\" class=\"menu-link\">associa\u00e7\u00e3o<span role=\"presentation\" class=\"dropdown-menu-toggle\" ><\/span><\/a>\n<ul class=\"sub-menu\">\n\t<li id=\"menu-item-1412\" class=\"menu-item menu-item-type-custom menu-item-object-custom menu-item-1412\"><a href=\"https:\/\/jazznaavenida.com\/index.php\/historico\/\" class=\"menu-link\">Hist\u00f3rico<\/a><\/li>\n<\/ul>\n<\/li>\n<\/ul><\/div>\t\t<\/div>\n\t\t\t\t<\/div>\n\t\t\t\t\t<\/div>\n\t\t<\/div>\n\t\t\t\t<div class=\"elementor-column elementor-col-20 elementor-top-column elementor-element elementor-element-c10fee4\" data-id=\"c10fee4\" data-element_type=\"column\">\n\t\t\t<div class=\"elementor-widget-wrap elementor-element-populated\">\n\t\t\t\t\t\t<div class=\"elementor-element elementor-element-0375a4b elementor-widget elementor-widget-image\" data-id=\"0375a4b\" data-element_type=\"widget\" data-widget_type=\"image.default\">\n\t\t\t\t<div class=\"elementor-widget-container\">\n\t\t\t<style>\/*! elementor - v3.19.0 - 07-02-2024 *\/\n.elementor-widget-image{text-align:center}.elementor-widget-image a{display:inline-block}.elementor-widget-image a img[src$=\".svg\"]{width:48px}.elementor-widget-image img{vertical-align:middle;display:inline-block}<\/style>\t\t\t\t\t\t\t\t\t\t<img fetchpriority=\"high\" decoding=\"async\" width=\"1019\" height=\"1024\" src=\"https:\/\/jazznaavenida.com\/wp-content\/uploads\/2025\/01\/AF-logo-PROJETO-2025-PNG-1019x1024.png\" class=\"attachment-large size-large wp-image-4198\" alt=\"\" srcset=\"https:\/\/jazznaavenida.com\/wp-content\/uploads\/2025\/01\/AF-logo-PROJETO-2025-PNG-1019x1024.png 1019w, https:\/\/jazznaavenida.com\/wp-content\/uploads\/2025\/01\/AF-logo-PROJETO-2025-PNG-300x300.png 300w, https:\/\/jazznaavenida.com\/wp-content\/uploads\/2025\/01\/AF-logo-PROJETO-2025-PNG-150x150.png 150w, https:\/\/jazznaavenida.com\/wp-content\/uploads\/2025\/01\/AF-logo-PROJETO-2025-PNG-768x772.png 768w, https:\/\/jazznaavenida.com\/wp-content\/uploads\/2025\/01\/AF-logo-PROJETO-2025-PNG-1529x1536.png 1529w, https:\/\/jazznaavenida.com\/wp-content\/uploads\/2025\/01\/AF-logo-PROJETO-2025-PNG-2038x2048.png 2038w, https:\/\/jazznaavenida.com\/wp-content\/uploads\/2025\/01\/AF-logo-PROJETO-2025-PNG-1320x1326.png 1320w, https:\/\/jazznaavenida.com\/wp-content\/uploads\/2025\/01\/AF-logo-PROJETO-2025-PNG-600x603.png 600w, https:\/\/jazznaavenida.com\/wp-content\/uploads\/2025\/01\/AF-logo-PROJETO-2025-PNG-100x100.png 100w\" sizes=\"(max-width: 1019px) 100vw, 1019px\" \/>\t\t\t\t\t\t\t\t\t\t\t\t\t<\/div>\n\t\t\t\t<\/div>\n\t\t\t\t\t<\/div>\n\t\t<\/div>\n\t\t\t\t<div class=\"elementor-column elementor-col-20 elementor-top-column elementor-element elementor-element-32bd7f3\" data-id=\"32bd7f3\" data-element_type=\"column\">\n\t\t\t<div class=\"elementor-widget-wrap elementor-element-populated\">\n\t\t\t\t\t\t<div class=\"elementor-element elementor-element-8302e49 eael_advanced_menu_hamburger_disable_selected_menu_no eael-advanced-menu--no elementor-widget elementor-widget-eael-advanced-menu\" data-id=\"8302e49\" data-element_type=\"widget\" data-widget_type=\"eael-advanced-menu.default\">\n\t\t\t\t<div class=\"elementor-widget-container\">\n\t\t\t<div class=\"eael-advanced-menu-container eael-advanced-menu-align-left eael-advanced-menu-dropdown-align-center\" data-indicator-class=\"fas fa-angle-down fa-solid\" data-dropdown-indicator-class=\"fas fa-angle-down fa-solid\"><ul id=\"menu-menu-header-direita\" class=\"eael-advanced-menu eael-advanced-menu-dropdown-animate-to-top eael-advanced-menu-indicator eael-advanced-menu-horizontal\"><li id=\"menu-item-1354\" class=\"menu-item menu-item-type-custom menu-item-object-custom menu-item-1354\"><a href=\"https:\/\/jazznaavenida.com\/index.php\/como-chegar\/\" class=\"menu-link\">Como Chegar<\/a><\/li>\n<li id=\"menu-item-1353\" class=\"menu-item menu-item-type-custom menu-item-object-custom menu-item-has-children menu-item-1353\"><a href=\"#\" class=\"menu-link\">Programa\u00e7\u00e3o<span role=\"presentation\" class=\"dropdown-menu-toggle\" ><\/span><\/a>\n<ul class=\"sub-menu\">\n\t<li id=\"menu-item-1403\" class=\"menu-item menu-item-type-custom menu-item-object-custom menu-item-1403\"><a href=\"https:\/\/jazznaavenida.com\/index.php\/atracoes\/\" class=\"menu-link\">Atra\u00e7\u00f5es da Semana<\/a><\/li>\n<\/ul>\n<\/li>\n<li id=\"menu-item-1401\" class=\"menu-item menu-item-type-custom menu-item-object-custom menu-item-has-children menu-item-1401\"><a href=\"#\" class=\"menu-link\">M\u00eddia<span role=\"presentation\" class=\"dropdown-menu-toggle\" ><\/span><\/a>\n<ul class=\"sub-menu\">\n\t<li id=\"menu-item-1405\" class=\"menu-item menu-item-type-custom menu-item-object-custom menu-item-1405\"><a href=\"https:\/\/jazznaavenida.com\/index.php\/podcast\/\" class=\"menu-link\">Podcast<\/a><\/li>\n<\/ul>\n<\/li>\n<\/ul><\/div>\t\t<\/div>\n\t\t\t\t<\/div>\n\t\t\t\t\t<\/div>\n\t\t<\/div>\n\t\t\t\t<div class=\"elementor-column elementor-col-20 elementor-top-column elementor-element elementor-element-9f30a34\" data-id=\"9f30a34\" data-element_type=\"column\">\n\t\t\t<div class=\"elementor-widget-wrap elementor-element-populated\">\n\t\t\t\t\t\t<div class=\"elementor-element elementor-element-efb5f12 elementor-view-default elementor-widget elementor-widget-icon\" data-id=\"efb5f12\" data-element_type=\"widget\" data-widget_type=\"icon.default\">\n\t\t\t\t<div class=\"elementor-widget-container\">\n\t\t\t\t\t<div class=\"elementor-icon-wrapper\">\n\t\t\t<a class=\"elementor-icon\" href=\"https:\/\/jazznaavenida.com\/index.php\/entrar\/\">\n\t\t\t\t\t\t<\/a>\n\t\t<\/div>\n\t\t\t\t<\/div>\n\t\t\t\t<\/div>\n\t\t\t\t\t<\/div>\n\t\t<\/div>\n\t\t\t\t\t<\/div>\n\t\t<\/section>\n\t\t\t\t<section data-particle_enable=\"false\" data-particle-mobile-disabled=\"false\" class=\"elementor-section elementor-top-section elementor-element elementor-element-f598505 elementor-section-boxed elementor-section-height-default elementor-section-height-default\" data-id=\"f598505\" data-element_type=\"section\">\n\t\t\t\t\t\t<div class=\"elementor-container elementor-column-gap-default\">\n\t\t\t\t\t<div class=\"elementor-column elementor-col-100 elementor-top-column elementor-element elementor-element-c91fc58\" data-id=\"c91fc58\" data-element_type=\"column\">\n\t\t\t<div class=\"elementor-widget-wrap elementor-element-populated\">\n\t\t\t\t\t\t<div class=\"elementor-element elementor-element-895149b elementor-widget elementor-widget-image\" data-id=\"895149b\" data-element_type=\"widget\" data-widget_type=\"image.default\">\n\t\t\t\t<div class=\"elementor-widget-container\">\n\t\t\t\t\t\t\t\t\t\t\t\t\t<img fetchpriority=\"high\" decoding=\"async\" width=\"1019\" height=\"1024\" src=\"https:\/\/jazznaavenida.com\/wp-content\/uploads\/2025\/01\/AF-logo-PROJETO-2025-PNG-1019x1024.png\" class=\"attachment-large size-large wp-image-4198\" alt=\"\" srcset=\"https:\/\/jazznaavenida.com\/wp-content\/uploads\/2025\/01\/AF-logo-PROJETO-2025-PNG-1019x1024.png 1019w, https:\/\/jazznaavenida.com\/wp-content\/uploads\/2025\/01\/AF-logo-PROJETO-2025-PNG-300x300.png 300w, https:\/\/jazznaavenida.com\/wp-content\/uploads\/2025\/01\/AF-logo-PROJETO-2025-PNG-150x150.png 150w, https:\/\/jazznaavenida.com\/wp-content\/uploads\/2025\/01\/AF-logo-PROJETO-2025-PNG-768x772.png 768w, https:\/\/jazznaavenida.com\/wp-content\/uploads\/2025\/01\/AF-logo-PROJETO-2025-PNG-1529x1536.png 1529w, https:\/\/jazznaavenida.com\/wp-content\/uploads\/2025\/01\/AF-logo-PROJETO-2025-PNG-2038x2048.png 2038w, https:\/\/jazznaavenida.com\/wp-content\/uploads\/2025\/01\/AF-logo-PROJETO-2025-PNG-1320x1326.png 1320w, https:\/\/jazznaavenida.com\/wp-content\/uploads\/2025\/01\/AF-logo-PROJETO-2025-PNG-600x603.png 600w, https:\/\/jazznaavenida.com\/wp-content\/uploads\/2025\/01\/AF-logo-PROJETO-2025-PNG-100x100.png 100w\" sizes=\"(max-width: 1019px) 100vw, 1019px\" \/>\t\t\t\t\t\t\t\t\t\t\t\t\t<\/div>\n\t\t\t\t<\/div>\n\t\t\t\t<div class=\"elementor-element elementor-element-c9bc5a2 elementor-widget elementor-widget-heading\" data-id=\"c9bc5a2\" data-element_type=\"widget\" data-widget_type=\"heading.default\">\n\t\t\t\t<div class=\"elementor-widget-container\">\n\t\t\t<style>\/*! elementor - v3.19.0 - 07-02-2024 *\/\n.elementor-heading-title{padding:0;margin:0;line-height:1}.elementor-widget-heading .elementor-heading-title[class*=elementor-size-]>a{color:inherit;font-size:inherit;line-height:inherit}.elementor-widget-heading .elementor-heading-title.elementor-size-small{font-size:15px}.elementor-widget-heading .elementor-heading-title.elementor-size-medium{font-size:19px}.elementor-widget-heading .elementor-heading-title.elementor-size-large{font-size:29px}.elementor-widget-heading .elementor-heading-title.elementor-size-xl{font-size:39px}.elementor-widget-heading .elementor-heading-title.elementor-size-xxl{font-size:59px}<\/style><h2 class=\"elementor-heading-title elementor-size-default\"><br><br><br>O Ponto de Cultura Jazz na Avenida tem 12 anos de exist\u00eancia e sempre foi democr\u00e1tico e autossustent\u00e1vel,  oferecendo uma programa\u00e7\u00e3o cultural extremamente rica e acess\u00edvel a todos, mesmo com pouqu\u00edssimos recursos. Fazemos muito com pouco. Por isso, pedimos que voc\u00ea n\u00e3o deixe de apoiar nosso lindo e raro projeto. Nosso patroc\u00ednio \u00e9 VOC\u00ca, que est\u00e1 ao nosso lado e nos fortalece.<\/h2>\t\t<\/div>\n\t\t\t\t<\/div>\n\t\t\t\t\t<\/div>\n\t\t<\/div>\n\t\t\t\t\t<\/div>\n\t\t<\/section>\n\t\t\t\t<section data-particle_enable=\"false\" data-particle-mobile-disabled=\"false\" class=\"elementor-section elementor-top-section elementor-element elementor-element-b588224 elementor-section-full_width elementor-section-height-default elementor-section-height-default\" data-id=\"b588224\" data-element_type=\"section\">\n\t\t\t\t\t\t<div class=\"elementor-container elementor-column-gap-no\">\n\t\t\t\t\t<div class=\"elementor-column elementor-col-100 elementor-top-column elementor-element elementor-element-3755278\" data-id=\"3755278\" data-element_type=\"column\">\n\t\t\t<div class=\"elementor-widget-wrap elementor-element-populated\">\n\t\t\t\t\t\t<div class=\"elementor-element elementor-element-f45ba85 elementor-arrows-position-inside elementor-pagination-position-outside elementor-widget elementor-widget-image-carousel\" data-id=\"f45ba85\" data-element_type=\"widget\" data-settings=\"{&quot;slides_to_show&quot;:&quot;1&quot;,&quot;navigation&quot;:&quot;both&quot;,&quot;autoplay&quot;:&quot;yes&quot;,&quot;pause_on_hover&quot;:&quot;yes&quot;,&quot;pause_on_interaction&quot;:&quot;yes&quot;,&quot;autoplay_speed&quot;:5000,&quot;infinite&quot;:&quot;yes&quot;,&quot;effect&quot;:&quot;slide&quot;,&quot;speed&quot;:500}\" data-widget_type=\"image-carousel.default\">\n\t\t\t\t<div class=\"elementor-widget-container\">\n\t\t\t<style>\/*! elementor - v3.19.0 - 07-02-2024 *\/\n.elementor-widget-image-carousel .swiper,.elementor-widget-image-carousel .swiper-container{position:static}.elementor-widget-image-carousel .swiper-container .swiper-slide figure,.elementor-widget-image-carousel .swiper .swiper-slide figure{line-height:inherit}.elementor-widget-image-carousel .swiper-slide{text-align:center}.elementor-image-carousel-wrapper:not(.swiper-container-initialized):not(.swiper-initialized) .swiper-slide{max-width:calc(100% \/ var(--e-image-carousel-slides-to-show, 3))}<\/style>\t\t<div class=\"elementor-image-carousel-wrapper swiper\" dir=\"ltr\">\n\t\t\t<div class=\"elementor-image-carousel swiper-wrapper\" aria-live=\"off\">\n\t\t\t\t\t\t\t\t<div class=\"swiper-slide\" role=\"group\" aria-roledescription=\"slide\" aria-label=\"1 de 4\"><figure class=\"swiper-slide-inner\"><img decoding=\"async\" class=\"swiper-slide-image\" src=\"https:\/\/jazznaavenida.com\/wp-content\/uploads\/2023\/12\/WhatsApp-Image-2023-12-26-at-14.37.552-2-1536x710.jpeg\" alt=\"WhatsApp Image 2023-12-26 at 14.37.55(2)\" \/><\/figure><\/div><div class=\"swiper-slide\" role=\"group\" aria-roledescription=\"slide\" aria-label=\"2 de 4\"><figure class=\"swiper-slide-inner\"><img decoding=\"async\" class=\"swiper-slide-image\" src=\"https:\/\/jazznaavenida.com\/wp-content\/uploads\/2025\/01\/logo-ponto-de-cultura-JNA-2.jpeg\" alt=\"logo ponto de cultura JNA\" \/><\/figure><\/div><div class=\"swiper-slide\" role=\"group\" aria-roledescription=\"slide\" aria-label=\"3 de 4\"><figure class=\"swiper-slide-inner\"><img decoding=\"async\" class=\"swiper-slide-image\" src=\"https:\/\/jazznaavenida.com\/wp-content\/uploads\/2026\/01\/Premiacao-Cultura-viva-2025-JNA-1250x1536.jpg\" alt=\"Premiac\u0327ao Cultura viva 2025 - JNA\" \/><\/figure><\/div><div class=\"swiper-slide\" role=\"group\" aria-roledescription=\"slide\" aria-label=\"4 de 4\"><figure class=\"swiper-slide-inner\"><img decoding=\"async\" class=\"swiper-slide-image\" src=\"https:\/\/jazznaavenida.com\/wp-content\/uploads\/2026\/01\/publico-1536x1017.jpg\" alt=\"publico\" \/><\/figure><\/div>\t\t\t<\/div>\n\t\t\t\t\t\t\t\t\t\t\t\t<div class=\"elementor-swiper-button elementor-swiper-button-prev\" role=\"button\" tabindex=\"0\">\n\t\t\t\t\t\t<i aria-hidden=\"true\" class=\"eicon-chevron-left\"><\/i>\t\t\t\t\t<\/div>\n\t\t\t\t\t<div class=\"elementor-swiper-button elementor-swiper-button-next\" role=\"button\" tabindex=\"0\">\n\t\t\t\t\t\t<i aria-hidden=\"true\" class=\"eicon-chevron-right\"><\/i>\t\t\t\t\t<\/div>\n\t\t\t\t\n\t\t\t\t\t\t\t\t\t<div class=\"swiper-pagination\"><\/div>\n\t\t\t\t\t\t\t\t\t<\/div>\n\t\t\t\t<\/div>\n\t\t\t\t<\/div>\n\t\t\t\t<div class=\"elementor-element elementor-element-be752f7 elementor-widget elementor-widget-button\" data-id=\"be752f7\" data-element_type=\"widget\" data-widget_type=\"button.default\">\n\t\t\t\t<div class=\"elementor-widget-container\">\n\t\t\t\t\t<div class=\"elementor-button-wrapper\">\n\t\t\t<a class=\"elementor-button elementor-button-link elementor-size-sm\" href=\"https:\/\/jazznaavenida.com\/index.php\/faq\/\" target=\"_blank\">\n\t\t\t\t\t\t<span class=\"elementor-button-content-wrapper\">\n\t\t\t\t\t\t<span class=\"elementor-button-text\">FAQ<\/span>\n\t\t<\/span>\n\t\t\t\t\t<\/a>\n\t\t<\/div>\n\t\t\t\t<\/div>\n\t\t\t\t<\/div>\n\t\t\t\t<div class=\"elementor-element elementor-element-cf1a2b3 elementor-widget elementor-widget-button\" data-id=\"cf1a2b3\" data-element_type=\"widget\" data-widget_type=\"button.default\">\n\t\t\t\t<div class=\"elementor-widget-container\">\n\t\t\t\t\t<div class=\"elementor-button-wrapper\">\n\t\t\t<a class=\"elementor-button elementor-button-link elementor-size-sm\" href=\"https:\/\/jazznaavenida.com\/index.php\/acao-social\/\">\n\t\t\t\t\t\t<span class=\"elementor-button-content-wrapper\">\n\t\t\t\t\t\t<span class=\"elementor-button-text\">A\u00e7\u00e3o social<\/span>\n\t\t<\/span>\n\t\t\t\t\t<\/a>\n\t\t<\/div>\n\t\t\t\t<\/div>\n\t\t\t\t<\/div>\n\t\t\t\t<div class=\"elementor-element elementor-element-250ee84 elementor-widget elementor-widget-button\" data-id=\"250ee84\" data-element_type=\"widget\" data-widget_type=\"button.default\">\n\t\t\t\t<div class=\"elementor-widget-container\">\n\t\t\t\t\t<div class=\"elementor-button-wrapper\">\n\t\t\t<a class=\"elementor-button elementor-button-link elementor-size-sm\" href=\"https:\/\/jazznaavenida.com\/index.php\/historico\/\">\n\t\t\t\t\t\t<span class=\"elementor-button-content-wrapper\">\n\t\t\t\t\t\t<span class=\"elementor-button-text\">Hist\u00f3rico<\/span>\n\t\t<\/span>\n\t\t\t\t\t<\/a>\n\t\t<\/div>\n\t\t\t\t<\/div>\n\t\t\t\t<\/div>\n\t\t\t\t\t<\/div>\n\t\t<\/div>\n\t\t\t\t\t<\/div>\n\t\t<\/section>\n\t\t\t\t<section data-particle_enable=\"false\" data-particle-mobile-disabled=\"false\" class=\"elementor-section elementor-top-section elementor-element elementor-element-b656121 elementor-section-boxed elementor-section-height-default elementor-section-height-default\" data-id=\"b656121\" data-element_type=\"section\">\n\t\t\t\t\t\t<div class=\"elementor-container elementor-column-gap-default\">\n\t\t\t\t\t<div class=\"elementor-column elementor-col-100 elementor-top-column elementor-element elementor-element-cf43518\" data-id=\"cf43518\" data-element_type=\"column\">\n\t\t\t<div class=\"elementor-widget-wrap elementor-element-populated\">\n\t\t\t\t\t\t<div class=\"elementor-element elementor-element-f18325b elementor-widget elementor-widget-button\" data-id=\"f18325b\" data-element_type=\"widget\" data-widget_type=\"button.default\">\n\t\t\t\t<div class=\"elementor-widget-container\">\n\t\t\t\t\t<div class=\"elementor-button-wrapper\">\n\t\t\t<a class=\"elementor-button elementor-button-link elementor-size-sm\" href=\"https:\/\/jazznaavenida.com\/index.php\/atracoes\/\">\n\t\t\t\t\t\t<span class=\"elementor-button-content-wrapper\">\n\t\t\t\t\t\t<span class=\"elementor-button-text\">Programa\u00e7\u00e3o<\/span>\n\t\t<\/span>\n\t\t\t\t\t<\/a>\n\t\t<\/div>\n\t\t\t\t<\/div>\n\t\t\t\t<\/div>\n\t\t\t\t<div class=\"elementor-element elementor-element-1f4e46c elementor-widget elementor-widget-button\" data-id=\"1f4e46c\" data-element_type=\"widget\" data-widget_type=\"button.default\">\n\t\t\t\t<div class=\"elementor-widget-container\">\n\t\t\t\t\t<div class=\"elementor-button-wrapper\">\n\t\t\t<a class=\"elementor-button elementor-button-link elementor-size-sm\" href=\"https:\/\/jazznaavenida.com\/index.php\/como-chegar\/\">\n\t\t\t\t\t\t<span class=\"elementor-button-content-wrapper\">\n\t\t\t\t\t\t<span class=\"elementor-button-text\">Como Chegar<\/span>\n\t\t<\/span>\n\t\t\t\t\t<\/a>\n\t\t<\/div>\n\t\t\t\t<\/div>\n\t\t\t\t<\/div>\n\t\t\t\t\t<\/div>\n\t\t<\/div>\n\t\t\t\t\t<\/div>\n\t\t<\/section>\n\t\t\t\t<section data-particle_enable=\"false\" data-particle-mobile-disabled=\"false\" class=\"elementor-section elementor-top-section elementor-element elementor-element-2f684ed elementor-section-boxed elementor-section-height-default elementor-section-height-default\" data-id=\"2f684ed\" data-element_type=\"section\">\n\t\t\t\t\t\t<div class=\"elementor-container elementor-column-gap-default\">\n\t\t\t\t\t<div class=\"elementor-column elementor-col-100 elementor-top-column elementor-element elementor-element-beffd2d\" data-id=\"beffd2d\" data-element_type=\"column\">\n\t\t\t<div class=\"elementor-widget-wrap\">\n\t\t\t\t\t\t\t<\/div>\n\t\t<\/div>\n\t\t\t\t\t<\/div>\n\t\t<\/section>\n\t\t\t\t<section data-particle_enable=\"false\" data-particle-mobile-disabled=\"false\" class=\"elementor-section elementor-top-section elementor-element elementor-element-ac63421 elementor-section-boxed elementor-section-height-default elementor-section-height-default\" data-id=\"ac63421\" data-element_type=\"section\">\n\t\t\t\t\t\t<div class=\"elementor-container elementor-column-gap-default\">\n\t\t\t\t\t<div class=\"elementor-column elementor-col-100 elementor-top-column elementor-element elementor-element-87c8d04\" data-id=\"87c8d04\" data-element_type=\"column\">\n\t\t\t<div class=\"elementor-widget-wrap\">\n\t\t\t\t\t\t\t<\/div>\n\t\t<\/div>\n\t\t\t\t\t<\/div>\n\t\t<\/section>\n\t\t\t\t<\/div>\n\t\t","protected":false},"excerpt":{"rendered":"<p>faq a\u00e7\u00e3o social associa\u00e7\u00e3o Hist\u00f3rico Como Chegar Programa\u00e7\u00e3o Atra\u00e7\u00f5es da Semana M\u00eddia Podcast O Ponto de Cultura Jazz na Avenida tem 12 anos de exist\u00eancia e sempre foi democr\u00e1tico e autossustent\u00e1vel, oferecendo uma programa\u00e7\u00e3o cultural extremamente rica e acess\u00edvel a todos, mesmo com pouqu\u00edssimos recursos. Fazemos muito com pouco. Por isso, pedimos que voc\u00ea n\u00e3o &hellip;<\/p>\n<p class=\"read-more\"> <a class=\"\" href=\"https:\/\/jazznaavenida.com\/\"> <span class=\"screen-reader-text\">Home<\/span> Leia mais &raquo;<\/a><\/p>\n","protected":false},"author":1,"featured_media":3775,"parent":0,"menu_order":0,"comment_status":"closed","ping_status":"closed","template":"elementor_canvas","meta":{"_eb_attr":"","site-sidebar-layout":"no-sidebar","site-content-layout":"page-builder","ast-global-header-display":"","ast-main-header-display":"","ast-hfb-above-header-display":"","ast-hfb-below-header-display":"","ast-hfb-mobile-header-display":"","site-post-title":"disabled","ast-breadcrumbs-content":"","ast-featured-img":"disabled","footer-sml-layout":"","theme-transparent-header-meta":"","adv-header-id-meta":"","stick-header-meta":"","header-above-stick-meta":"","header-main-stick-meta":"","header-below-stick-meta":"","footnotes":""},"aioseo_notices":[],"jetpack_sharing_enabled":true,"_links":{"self":[{"href":"https:\/\/jazznaavenida.com\/index.php\/wp-json\/wp\/v2\/pages\/13"}],"collection":[{"href":"https:\/\/jazznaavenida.com\/index.php\/wp-json\/wp\/v2\/pages"}],"about":[{"href":"https:\/\/jazznaavenida.com\/index.php\/wp-json\/wp\/v2\/types\/page"}],"author":[{"embeddable":true,"href":"https:\/\/jazznaavenida.com\/index.php\/wp-json\/wp\/v2\/users\/1"}],"replies":[{"embeddable":true,"href":"https:\/\/jazznaavenida.com\/index.php\/wp-json\/wp\/v2\/comments?post=13"}],"version-history":[{"count":837,"href":"https:\/\/jazznaavenida.com\/index.php\/wp-json\/wp\/v2\/pages\/13\/revisions"}],"predecessor-version":[{"id":4455,"href":"https:\/\/jazznaavenida.com\/index.php\/wp-json\/wp\/v2\/pages\/13\/revisions\/4455"}],"wp:featuredmedia":[{"embeddable":true,"href":"https:\/\/jazznaavenida.com\/index.php\/wp-json\/wp\/v2\/media\/3775"}],"wp:attachment":[{"href":"https:\/\/jazznaavenida.com\/index.php\/wp-json\/wp\/v2\/media?parent=13"}],"curies":[{"name":"wp","href":"https:\/\/api.w.org\/{rel}","templated":true}]}}