{"id":1465,"date":"2023-05-18T15:23:22","date_gmt":"2023-05-18T18:23:22","guid":{"rendered":"https:\/\/jazznaavenida.com\/?page_id=1465"},"modified":"2025-01-07T01:29:21","modified_gmt":"2025-01-07T04:29:21","slug":"acao-social","status":"publish","type":"page","link":"https:\/\/jazznaavenida.com\/index.php\/acao-social\/","title":{"rendered":"A\u00e7\u00e3o Social"},"content":{"rendered":"\t\t<div data-elementor-type=\"wp-page\" data-elementor-id=\"1465\" class=\"elementor elementor-1465\">\n\t\t\t\t\t\t<section data-particle_enable=\"false\" data-particle-mobile-disabled=\"false\" class=\"elementor-section elementor-top-section elementor-element elementor-element-e6132fa elementor-section-full_width elementor-section-height-default elementor-section-height-default\" data-id=\"e6132fa\" data-element_type=\"section\">\n\t\t\t\t\t\t<div class=\"elementor-container elementor-column-gap-default\">\n\t\t\t\t\t<div class=\"elementor-column elementor-col-33 elementor-top-column elementor-element elementor-element-c30886a\" data-id=\"c30886a\" data-element_type=\"column\">\n\t\t\t<div class=\"elementor-widget-wrap elementor-element-populated\">\n\t\t\t\t\t\t<div class=\"elementor-element elementor-element-8618854 elementor-widget elementor-widget-image\" data-id=\"8618854\" data-element_type=\"widget\" data-widget_type=\"image.default\">\n\t\t\t\t<div class=\"elementor-widget-container\">\n\t\t\t<style>\/*! elementor - v3.19.0 - 07-02-2024 *\/\n.elementor-widget-image{text-align:center}.elementor-widget-image a{display:inline-block}.elementor-widget-image a img[src$=\".svg\"]{width:48px}.elementor-widget-image img{vertical-align:middle;display:inline-block}<\/style>\t\t\t\t\t\t\t\t\t\t\t<a href=\"https:\/\/jazznaavenida.com\/\">\n\t\t\t\t\t\t\t<img fetchpriority=\"high\" decoding=\"async\" width=\"1019\" height=\"1024\" src=\"https:\/\/jazznaavenida.com\/wp-content\/uploads\/2025\/01\/AF-logo-PROJETO-2025-PNG-1019x1024.png\" class=\"attachment-large size-large wp-image-4198\" alt=\"\" srcset=\"https:\/\/jazznaavenida.com\/wp-content\/uploads\/2025\/01\/AF-logo-PROJETO-2025-PNG-1019x1024.png 1019w, https:\/\/jazznaavenida.com\/wp-content\/uploads\/2025\/01\/AF-logo-PROJETO-2025-PNG-300x300.png 300w, https:\/\/jazznaavenida.com\/wp-content\/uploads\/2025\/01\/AF-logo-PROJETO-2025-PNG-150x150.png 150w, https:\/\/jazznaavenida.com\/wp-content\/uploads\/2025\/01\/AF-logo-PROJETO-2025-PNG-768x772.png 768w, https:\/\/jazznaavenida.com\/wp-content\/uploads\/2025\/01\/AF-logo-PROJETO-2025-PNG-1529x1536.png 1529w, https:\/\/jazznaavenida.com\/wp-content\/uploads\/2025\/01\/AF-logo-PROJETO-2025-PNG-2038x2048.png 2038w, https:\/\/jazznaavenida.com\/wp-content\/uploads\/2025\/01\/AF-logo-PROJETO-2025-PNG-1320x1326.png 1320w, https:\/\/jazznaavenida.com\/wp-content\/uploads\/2025\/01\/AF-logo-PROJETO-2025-PNG-600x603.png 600w, https:\/\/jazznaavenida.com\/wp-content\/uploads\/2025\/01\/AF-logo-PROJETO-2025-PNG-100x100.png 100w\" sizes=\"(max-width: 1019px) 100vw, 1019px\" \/>\t\t\t\t\t\t\t\t<\/a>\n\t\t\t\t\t\t\t\t\t\t\t\t\t<\/div>\n\t\t\t\t<\/div>\n\t\t\t\t\t<\/div>\n\t\t<\/div>\n\t\t\t\t<div class=\"elementor-column elementor-col-33 elementor-top-column elementor-element elementor-element-410cb00\" data-id=\"410cb00\" data-element_type=\"column\">\n\t\t\t<div class=\"elementor-widget-wrap\">\n\t\t\t\t\t\t\t<\/div>\n\t\t<\/div>\n\t\t\t\t<div class=\"elementor-column elementor-col-33 elementor-top-column elementor-element elementor-element-3815cf0\" data-id=\"3815cf0\" data-element_type=\"column\">\n\t\t\t<div class=\"elementor-widget-wrap elementor-element-populated\">\n\t\t\t\t\t\t<div class=\"elementor-element elementor-element-4ff2631 elementor-hidden-mobile elementor-view-default elementor-widget elementor-widget-icon\" data-id=\"4ff2631\" data-element_type=\"widget\" data-widget_type=\"icon.default\">\n\t\t\t\t<div class=\"elementor-widget-container\">\n\t\t\t\t\t<div class=\"elementor-icon-wrapper\">\n\t\t\t<a class=\"elementor-icon\" href=\"https:\/\/jazznaavenida.com\/\">\n\t\t\t<i aria-hidden=\"true\" class=\"fas fa-home\"><\/i>\t\t\t<\/a>\n\t\t<\/div>\n\t\t\t\t<\/div>\n\t\t\t\t<\/div>\n\t\t\t\t\t<\/div>\n\t\t<\/div>\n\t\t\t\t\t<\/div>\n\t\t<\/section>\n\t\t\t\t<section data-particle_enable=\"false\" data-particle-mobile-disabled=\"false\" class=\"elementor-section elementor-top-section elementor-element elementor-element-d00c56c elementor-section-boxed elementor-section-height-default elementor-section-height-default\" data-id=\"d00c56c\" data-element_type=\"section\">\n\t\t\t\t\t\t<div class=\"elementor-container elementor-column-gap-default\">\n\t\t\t\t\t<div class=\"elementor-column elementor-col-100 elementor-top-column elementor-element elementor-element-f1a3418\" data-id=\"f1a3418\" data-element_type=\"column\">\n\t\t\t<div class=\"elementor-widget-wrap elementor-element-populated\">\n\t\t\t\t\t\t<div class=\"elementor-element elementor-element-be1fb47 elementor-widget elementor-widget-heading\" data-id=\"be1fb47\" data-element_type=\"widget\" data-widget_type=\"heading.default\">\n\t\t\t\t<div class=\"elementor-widget-container\">\n\t\t\t<style>\/*! elementor - v3.19.0 - 07-02-2024 *\/\n.elementor-heading-title{padding:0;margin:0;line-height:1}.elementor-widget-heading .elementor-heading-title[class*=elementor-size-]>a{color:inherit;font-size:inherit;line-height:inherit}.elementor-widget-heading .elementor-heading-title.elementor-size-small{font-size:15px}.elementor-widget-heading .elementor-heading-title.elementor-size-medium{font-size:19px}.elementor-widget-heading .elementor-heading-title.elementor-size-large{font-size:29px}.elementor-widget-heading .elementor-heading-title.elementor-size-xl{font-size:39px}.elementor-widget-heading .elementor-heading-title.elementor-size-xxl{font-size:59px}<\/style><h2 class=\"elementor-heading-title elementor-size-default\">a\u00e7\u00e3o social<\/h2>\t\t<\/div>\n\t\t\t\t<\/div>\n\t\t\t\t\t<\/div>\n\t\t<\/div>\n\t\t\t\t\t<\/div>\n\t\t<\/section>\n\t\t\t\t<section data-particle_enable=\"false\" data-particle-mobile-disabled=\"false\" class=\"elementor-section elementor-top-section elementor-element elementor-element-9c77481 elementor-section-boxed elementor-section-height-default elementor-section-height-default\" data-id=\"9c77481\" data-element_type=\"section\">\n\t\t\t\t\t\t<div class=\"elementor-container elementor-column-gap-default\">\n\t\t\t\t\t<div class=\"elementor-column elementor-col-100 elementor-top-column elementor-element elementor-element-7e0e8cb\" data-id=\"7e0e8cb\" data-element_type=\"column\">\n\t\t\t<div class=\"elementor-widget-wrap elementor-element-populated\">\n\t\t\t\t\t\t<div class=\"elementor-element elementor-element-57267c8 elementor-widget elementor-widget-heading\" data-id=\"57267c8\" data-element_type=\"widget\" data-widget_type=\"heading.default\">\n\t\t\t\t<div class=\"elementor-widget-container\">\n\t\t\t<h2 class=\"elementor-heading-title elementor-size-default\">Ajudando fam\u00edlias com alimenta\u00e7\u00e3o desde 2014.\nO JNA \u00e9 mais que um espa\u00e7o musical; \u00e9 um s\u00edmbolo de solidariedade e compromisso social. H\u00e1 uma d\u00e9cada, o projeto transforma vidas por meio da doa\u00e7\u00e3o de cestas b\u00e1sicas, oferecendo esperan\u00e7a para fam\u00edlias em dificuldades. Al\u00e9m de celebrar a cultura, os eventos conscientizam sobre a import\u00e2ncia da solidariedade. \nCom esse compromisso, o Jazz na Avenida reafirma sua trajet\u00f3ria de transforma\u00e7\u00e3o, provando que a m\u00fasica pode ser uma aliada na constru\u00e7\u00e3o de um mundo mais justo.<\/h2>\t\t<\/div>\n\t\t\t\t<\/div>\n\t\t\t\t<div class=\"elementor-element elementor-element-bf328ef elementor-widget elementor-widget-heading\" data-id=\"bf328ef\" data-element_type=\"widget\" data-widget_type=\"heading.default\">\n\t\t\t\t<div class=\"elementor-widget-container\">\n\t\t\t<h2 class=\"elementor-heading-title elementor-size-default\">fa\u00e7a parte dessa a\u00e7\u00e3o solid\u00e1ria<\/h2>\t\t<\/div>\n\t\t\t\t<\/div>\n\t\t\t\t\t<\/div>\n\t\t<\/div>\n\t\t\t\t\t<\/div>\n\t\t<\/section>\n\t\t\t\t<section data-particle_enable=\"false\" data-particle-mobile-disabled=\"false\" class=\"elementor-section elementor-top-section elementor-element elementor-element-c02442f elementor-section-boxed elementor-section-height-default elementor-section-height-default\" data-id=\"c02442f\" data-element_type=\"section\">\n\t\t\t\t\t\t<div class=\"elementor-container elementor-column-gap-default\">\n\t\t\t\t\t<div class=\"elementor-column elementor-col-33 elementor-top-column elementor-element elementor-element-a022ab1\" data-id=\"a022ab1\" data-element_type=\"column\">\n\t\t\t<div class=\"elementor-widget-wrap elementor-element-populated\">\n\t\t\t\t\t\t<div class=\"elementor-element elementor-element-6a1fe28 elementor-widget elementor-widget-image\" data-id=\"6a1fe28\" data-element_type=\"widget\" data-widget_type=\"image.default\">\n\t\t\t\t<div class=\"elementor-widget-container\">\n\t\t\t\t\t\t\t\t\t\t\t\t\t<img decoding=\"async\" width=\"1024\" height=\"1024\" src=\"https:\/\/jazznaavenida.com\/wp-content\/uploads\/2023\/05\/social-1024x1024.jpeg\" class=\"attachment-large size-large wp-image-1478\" alt=\"\" srcset=\"https:\/\/jazznaavenida.com\/wp-content\/uploads\/2023\/05\/social-1024x1024.jpeg 1024w, https:\/\/jazznaavenida.com\/wp-content\/uploads\/2023\/05\/social-300x300.jpeg 300w, https:\/\/jazznaavenida.com\/wp-content\/uploads\/2023\/05\/social-150x150.jpeg 150w, https:\/\/jazznaavenida.com\/wp-content\/uploads\/2023\/05\/social-768x768.jpeg 768w, https:\/\/jazznaavenida.com\/wp-content\/uploads\/2023\/05\/social-600x600.jpeg 600w, https:\/\/jazznaavenida.com\/wp-content\/uploads\/2023\/05\/social-100x100.jpeg 100w, https:\/\/jazznaavenida.com\/wp-content\/uploads\/2023\/05\/social.jpeg 1134w\" sizes=\"(max-width: 1024px) 100vw, 1024px\" \/>\t\t\t\t\t\t\t\t\t\t\t\t\t<\/div>\n\t\t\t\t<\/div>\n\t\t\t\t\t<\/div>\n\t\t<\/div>\n\t\t\t\t<div class=\"elementor-column elementor-col-33 elementor-top-column elementor-element elementor-element-419cdde\" data-id=\"419cdde\" data-element_type=\"column\">\n\t\t\t<div class=\"elementor-widget-wrap elementor-element-populated\">\n\t\t\t\t\t\t<div class=\"elementor-element elementor-element-04943aa elementor-widget elementor-widget-image\" data-id=\"04943aa\" data-element_type=\"widget\" data-widget_type=\"image.default\">\n\t\t\t\t<div class=\"elementor-widget-container\">\n\t\t\t\t\t\t\t\t\t\t\t\t\t<img decoding=\"async\" width=\"1024\" height=\"1024\" src=\"https:\/\/jazznaavenida.com\/wp-content\/uploads\/2023\/05\/solidario-2023-1024x1024.jpeg\" class=\"attachment-large size-large wp-image-1479\" alt=\"\" srcset=\"https:\/\/jazznaavenida.com\/wp-content\/uploads\/2023\/05\/solidario-2023-1024x1024.jpeg 1024w, https:\/\/jazznaavenida.com\/wp-content\/uploads\/2023\/05\/solidario-2023-300x300.jpeg 300w, https:\/\/jazznaavenida.com\/wp-content\/uploads\/2023\/05\/solidario-2023-150x150.jpeg 150w, https:\/\/jazznaavenida.com\/wp-content\/uploads\/2023\/05\/solidario-2023-768x768.jpeg 768w, https:\/\/jazznaavenida.com\/wp-content\/uploads\/2023\/05\/solidario-2023-600x600.jpeg 600w, https:\/\/jazznaavenida.com\/wp-content\/uploads\/2023\/05\/solidario-2023-100x100.jpeg 100w, https:\/\/jazznaavenida.com\/wp-content\/uploads\/2023\/05\/solidario-2023.jpeg 1134w\" sizes=\"(max-width: 1024px) 100vw, 1024px\" \/>\t\t\t\t\t\t\t\t\t\t\t\t\t<\/div>\n\t\t\t\t<\/div>\n\t\t\t\t\t<\/div>\n\t\t<\/div>\n\t\t\t\t<div class=\"elementor-column elementor-col-33 elementor-top-column elementor-element elementor-element-b30a96f\" data-id=\"b30a96f\" data-element_type=\"column\">\n\t\t\t<div class=\"elementor-widget-wrap elementor-element-populated\">\n\t\t\t\t\t\t<div class=\"elementor-element elementor-element-7c06faa elementor-widget elementor-widget-image\" data-id=\"7c06faa\" data-element_type=\"widget\" data-widget_type=\"image.default\">\n\t\t\t\t<div class=\"elementor-widget-container\">\n\t\t\t\t\t\t\t\t\t\t\t\t\t<img loading=\"lazy\" decoding=\"async\" width=\"1024\" height=\"1024\" src=\"https:\/\/jazznaavenida.com\/wp-content\/uploads\/2023\/05\/Buzu-solidario-JNA-1024x1024.jpeg\" class=\"attachment-large size-large wp-image-1485\" alt=\"\" srcset=\"https:\/\/jazznaavenida.com\/wp-content\/uploads\/2023\/05\/Buzu-solidario-JNA-1024x1024.jpeg 1024w, https:\/\/jazznaavenida.com\/wp-content\/uploads\/2023\/05\/Buzu-solidario-JNA-300x300.jpeg 300w, https:\/\/jazznaavenida.com\/wp-content\/uploads\/2023\/05\/Buzu-solidario-JNA-150x150.jpeg 150w, https:\/\/jazznaavenida.com\/wp-content\/uploads\/2023\/05\/Buzu-solidario-JNA-768x768.jpeg 768w, https:\/\/jazznaavenida.com\/wp-content\/uploads\/2023\/05\/Buzu-solidario-JNA-600x600.jpeg 600w, https:\/\/jazznaavenida.com\/wp-content\/uploads\/2023\/05\/Buzu-solidario-JNA-100x100.jpeg 100w, https:\/\/jazznaavenida.com\/wp-content\/uploads\/2023\/05\/Buzu-solidario-JNA.jpeg 1134w\" sizes=\"(max-width: 1024px) 100vw, 1024px\" \/>\t\t\t\t\t\t\t\t\t\t\t\t\t<\/div>\n\t\t\t\t<\/div>\n\t\t\t\t\t<\/div>\n\t\t<\/div>\n\t\t\t\t\t<\/div>\n\t\t<\/section>\n\t\t\t\t<section data-particle_enable=\"false\" data-particle-mobile-disabled=\"false\" class=\"elementor-section elementor-top-section elementor-element elementor-element-2953010 elementor-section-boxed elementor-section-height-default elementor-section-height-default\" data-id=\"2953010\" data-element_type=\"section\">\n\t\t\t\t\t\t<div class=\"elementor-container elementor-column-gap-default\">\n\t\t\t\t\t<div class=\"elementor-column elementor-col-33 elementor-top-column elementor-element elementor-element-7fd82c5\" data-id=\"7fd82c5\" data-element_type=\"column\">\n\t\t\t<div class=\"elementor-widget-wrap elementor-element-populated\">\n\t\t\t\t\t\t<div class=\"elementor-element elementor-element-44b1a62 elementor-widget elementor-widget-image\" data-id=\"44b1a62\" data-element_type=\"widget\" data-widget_type=\"image.default\">\n\t\t\t\t<div class=\"elementor-widget-container\">\n\t\t\t\t\t\t\t\t\t\t\t\t\t<img loading=\"lazy\" decoding=\"async\" width=\"768\" height=\"1024\" src=\"https:\/\/jazznaavenida.com\/wp-content\/uploads\/2023\/05\/WhatsApp-Image-2022-12-26-at-13.05.29-768x1024.jpeg\" class=\"attachment-large size-large wp-image-1482\" alt=\"\" srcset=\"https:\/\/jazznaavenida.com\/wp-content\/uploads\/2023\/05\/WhatsApp-Image-2022-12-26-at-13.05.29-768x1024.jpeg 768w, https:\/\/jazznaavenida.com\/wp-content\/uploads\/2023\/05\/WhatsApp-Image-2022-12-26-at-13.05.29-225x300.jpeg 225w, https:\/\/jazznaavenida.com\/wp-content\/uploads\/2023\/05\/WhatsApp-Image-2022-12-26-at-13.05.29-1152x1536.jpeg 1152w, https:\/\/jazznaavenida.com\/wp-content\/uploads\/2023\/05\/WhatsApp-Image-2022-12-26-at-13.05.29-600x800.jpeg 600w, https:\/\/jazznaavenida.com\/wp-content\/uploads\/2023\/05\/WhatsApp-Image-2022-12-26-at-13.05.29.jpeg 1200w\" sizes=\"(max-width: 768px) 100vw, 768px\" \/>\t\t\t\t\t\t\t\t\t\t\t\t\t<\/div>\n\t\t\t\t<\/div>\n\t\t\t\t\t<\/div>\n\t\t<\/div>\n\t\t\t\t<div class=\"elementor-column elementor-col-33 elementor-top-column elementor-element elementor-element-e07b750\" data-id=\"e07b750\" data-element_type=\"column\">\n\t\t\t<div class=\"elementor-widget-wrap elementor-element-populated\">\n\t\t\t\t\t\t<div class=\"elementor-element elementor-element-4e4a11a elementor-widget elementor-widget-image\" data-id=\"4e4a11a\" data-element_type=\"widget\" data-widget_type=\"image.default\">\n\t\t\t\t<div class=\"elementor-widget-container\">\n\t\t\t\t\t\t\t\t\t\t\t\t\t<img loading=\"lazy\" decoding=\"async\" width=\"678\" height=\"1024\" src=\"https:\/\/jazznaavenida.com\/wp-content\/uploads\/2023\/05\/DSC_0803-678x1024.jpg\" class=\"attachment-large size-large wp-image-1475\" alt=\"\" srcset=\"https:\/\/jazznaavenida.com\/wp-content\/uploads\/2023\/05\/DSC_0803-678x1024.jpg 678w, https:\/\/jazznaavenida.com\/wp-content\/uploads\/2023\/05\/DSC_0803-199x300.jpg 199w, https:\/\/jazznaavenida.com\/wp-content\/uploads\/2023\/05\/DSC_0803-768x1160.jpg 768w, https:\/\/jazznaavenida.com\/wp-content\/uploads\/2023\/05\/DSC_0803-1017x1536.jpg 1017w, https:\/\/jazznaavenida.com\/wp-content\/uploads\/2023\/05\/DSC_0803-1356x2048.jpg 1356w, https:\/\/jazznaavenida.com\/wp-content\/uploads\/2023\/05\/DSC_0803-1320x1993.jpg 1320w, https:\/\/jazznaavenida.com\/wp-content\/uploads\/2023\/05\/DSC_0803-600x906.jpg 600w, https:\/\/jazznaavenida.com\/wp-content\/uploads\/2023\/05\/DSC_0803-scaled.jpg 1696w\" sizes=\"(max-width: 678px) 100vw, 678px\" \/>\t\t\t\t\t\t\t\t\t\t\t\t\t<\/div>\n\t\t\t\t<\/div>\n\t\t\t\t\t<\/div>\n\t\t<\/div>\n\t\t\t\t<div class=\"elementor-column elementor-col-33 elementor-top-column elementor-element elementor-element-318dcb1\" data-id=\"318dcb1\" data-element_type=\"column\">\n\t\t\t<div class=\"elementor-widget-wrap elementor-element-populated\">\n\t\t\t\t\t\t<div class=\"elementor-element elementor-element-e776a66 elementor-widget elementor-widget-image\" data-id=\"e776a66\" data-element_type=\"widget\" data-widget_type=\"image.default\">\n\t\t\t\t<div class=\"elementor-widget-container\">\n\t\t\t\t\t\t\t\t\t\t\t\t\t<img loading=\"lazy\" decoding=\"async\" width=\"678\" height=\"1024\" src=\"https:\/\/jazznaavenida.com\/wp-content\/uploads\/2023\/05\/DSC_0762-678x1024.jpg\" class=\"attachment-large size-large wp-image-1472\" alt=\"\" srcset=\"https:\/\/jazznaavenida.com\/wp-content\/uploads\/2023\/05\/DSC_0762-678x1024.jpg 678w, https:\/\/jazznaavenida.com\/wp-content\/uploads\/2023\/05\/DSC_0762-199x300.jpg 199w, https:\/\/jazznaavenida.com\/wp-content\/uploads\/2023\/05\/DSC_0762-768x1160.jpg 768w, https:\/\/jazznaavenida.com\/wp-content\/uploads\/2023\/05\/DSC_0762-1017x1536.jpg 1017w, https:\/\/jazznaavenida.com\/wp-content\/uploads\/2023\/05\/DSC_0762-1356x2048.jpg 1356w, https:\/\/jazznaavenida.com\/wp-content\/uploads\/2023\/05\/DSC_0762-1320x1993.jpg 1320w, https:\/\/jazznaavenida.com\/wp-content\/uploads\/2023\/05\/DSC_0762-600x906.jpg 600w, https:\/\/jazznaavenida.com\/wp-content\/uploads\/2023\/05\/DSC_0762-scaled.jpg 1696w\" sizes=\"(max-width: 678px) 100vw, 678px\" \/>\t\t\t\t\t\t\t\t\t\t\t\t\t<\/div>\n\t\t\t\t<\/div>\n\t\t\t\t\t<\/div>\n\t\t<\/div>\n\t\t\t\t\t<\/div>\n\t\t<\/section>\n\t\t\t\t<section data-particle_enable=\"false\" data-particle-mobile-disabled=\"false\" class=\"elementor-section elementor-top-section elementor-element elementor-element-1c291d9 elementor-section-boxed elementor-section-height-default elementor-section-height-default\" data-id=\"1c291d9\" data-element_type=\"section\">\n\t\t\t\t\t\t<div class=\"elementor-container elementor-column-gap-default\">\n\t\t\t\t\t<div class=\"elementor-column elementor-col-33 elementor-top-column elementor-element elementor-element-19f4805\" data-id=\"19f4805\" data-element_type=\"column\">\n\t\t\t<div class=\"elementor-widget-wrap elementor-element-populated\">\n\t\t\t\t\t\t<div class=\"elementor-element elementor-element-30b9952 elementor-widget elementor-widget-image\" data-id=\"30b9952\" data-element_type=\"widget\" data-widget_type=\"image.default\">\n\t\t\t\t<div class=\"elementor-widget-container\">\n\t\t\t\t\t\t\t\t\t\t\t\t\t<img loading=\"lazy\" decoding=\"async\" width=\"2048\" height=\"1824\" src=\"https:\/\/jazznaavenida.com\/wp-content\/uploads\/2025\/01\/creche3-2048x1824.jpg\" class=\"attachment-2048x2048 size-2048x2048 wp-image-4088\" alt=\"\" srcset=\"https:\/\/jazznaavenida.com\/wp-content\/uploads\/2025\/01\/creche3-2048x1824.jpg 2048w, https:\/\/jazznaavenida.com\/wp-content\/uploads\/2025\/01\/creche3-300x267.jpg 300w, https:\/\/jazznaavenida.com\/wp-content\/uploads\/2025\/01\/creche3-1024x912.jpg 1024w, https:\/\/jazznaavenida.com\/wp-content\/uploads\/2025\/01\/creche3-768x684.jpg 768w, https:\/\/jazznaavenida.com\/wp-content\/uploads\/2025\/01\/creche3-1536x1368.jpg 1536w, https:\/\/jazznaavenida.com\/wp-content\/uploads\/2025\/01\/creche3-1320x1176.jpg 1320w, https:\/\/jazznaavenida.com\/wp-content\/uploads\/2025\/01\/creche3-600x534.jpg 600w\" sizes=\"(max-width: 2048px) 100vw, 2048px\" \/>\t\t\t\t\t\t\t\t\t\t\t\t\t<\/div>\n\t\t\t\t<\/div>\n\t\t\t\t\t<\/div>\n\t\t<\/div>\n\t\t\t\t<div class=\"elementor-column elementor-col-33 elementor-top-column elementor-element elementor-element-6dfbf1b\" data-id=\"6dfbf1b\" data-element_type=\"column\">\n\t\t\t<div class=\"elementor-widget-wrap elementor-element-populated\">\n\t\t\t\t\t\t<div class=\"elementor-element elementor-element-8e3f17a elementor-widget elementor-widget-image\" data-id=\"8e3f17a\" data-element_type=\"widget\" data-widget_type=\"image.default\">\n\t\t\t\t<div class=\"elementor-widget-container\">\n\t\t\t\t\t\t\t\t\t\t\t\t\t<img loading=\"lazy\" decoding=\"async\" width=\"2048\" height=\"1612\" src=\"https:\/\/jazznaavenida.com\/wp-content\/uploads\/2025\/01\/creche1-2048x1612.jpg\" class=\"attachment-2048x2048 size-2048x2048 wp-image-4087\" alt=\"\" srcset=\"https:\/\/jazznaavenida.com\/wp-content\/uploads\/2025\/01\/creche1-2048x1612.jpg 2048w, https:\/\/jazznaavenida.com\/wp-content\/uploads\/2025\/01\/creche1-300x236.jpg 300w, https:\/\/jazznaavenida.com\/wp-content\/uploads\/2025\/01\/creche1-1024x806.jpg 1024w, https:\/\/jazznaavenida.com\/wp-content\/uploads\/2025\/01\/creche1-768x605.jpg 768w, https:\/\/jazznaavenida.com\/wp-content\/uploads\/2025\/01\/creche1-1536x1209.jpg 1536w, https:\/\/jazznaavenida.com\/wp-content\/uploads\/2025\/01\/creche1-1320x1039.jpg 1320w, https:\/\/jazznaavenida.com\/wp-content\/uploads\/2025\/01\/creche1-600x472.jpg 600w\" sizes=\"(max-width: 2048px) 100vw, 2048px\" \/>\t\t\t\t\t\t\t\t\t\t\t\t\t<\/div>\n\t\t\t\t<\/div>\n\t\t\t\t\t<\/div>\n\t\t<\/div>\n\t\t\t\t<div class=\"elementor-column elementor-col-33 elementor-top-column elementor-element elementor-element-0946786\" data-id=\"0946786\" data-element_type=\"column\">\n\t\t\t<div class=\"elementor-widget-wrap elementor-element-populated\">\n\t\t\t\t\t\t<div class=\"elementor-element elementor-element-91df088 elementor-widget elementor-widget-image\" data-id=\"91df088\" data-element_type=\"widget\" data-widget_type=\"image.default\">\n\t\t\t\t<div class=\"elementor-widget-container\">\n\t\t\t\t\t\t\t\t\t\t\t\t\t<img loading=\"lazy\" decoding=\"async\" width=\"2048\" height=\"1356\" src=\"https:\/\/jazznaavenida.com\/wp-content\/uploads\/2025\/01\/DSC_2105-2048x1356.jpg\" class=\"attachment-2048x2048 size-2048x2048 wp-image-4091\" alt=\"\" srcset=\"https:\/\/jazznaavenida.com\/wp-content\/uploads\/2025\/01\/DSC_2105-2048x1356.jpg 2048w, https:\/\/jazznaavenida.com\/wp-content\/uploads\/2025\/01\/DSC_2105-300x199.jpg 300w, https:\/\/jazznaavenida.com\/wp-content\/uploads\/2025\/01\/DSC_2105-1024x678.jpg 1024w, https:\/\/jazznaavenida.com\/wp-content\/uploads\/2025\/01\/DSC_2105-768x509.jpg 768w, https:\/\/jazznaavenida.com\/wp-content\/uploads\/2025\/01\/DSC_2105-1536x1017.jpg 1536w, https:\/\/jazznaavenida.com\/wp-content\/uploads\/2025\/01\/DSC_2105-1320x874.jpg 1320w, https:\/\/jazznaavenida.com\/wp-content\/uploads\/2025\/01\/DSC_2105-600x397.jpg 600w\" sizes=\"(max-width: 2048px) 100vw, 2048px\" \/>\t\t\t\t\t\t\t\t\t\t\t\t\t<\/div>\n\t\t\t\t<\/div>\n\t\t\t\t\t<\/div>\n\t\t<\/div>\n\t\t\t\t\t<\/div>\n\t\t<\/section>\n\t\t\t\t<\/div>\n\t\t","protected":false},"excerpt":{"rendered":"<p>a\u00e7\u00e3o social Ajudando fam\u00edlias com alimenta\u00e7\u00e3o desde 2014. O JNA \u00e9 mais que um espa\u00e7o musical; \u00e9 um s\u00edmbolo de solidariedade e compromisso social. H\u00e1 uma d\u00e9cada, o projeto transforma vidas por meio da doa\u00e7\u00e3o de cestas b\u00e1sicas, oferecendo esperan\u00e7a para fam\u00edlias em dificuldades. Al\u00e9m de celebrar a cultura, os eventos conscientizam sobre a import\u00e2ncia &hellip;<\/p>\n<p class=\"read-more\"> <a class=\"\" href=\"https:\/\/jazznaavenida.com\/index.php\/acao-social\/\"> <span class=\"screen-reader-text\">A\u00e7\u00e3o Social<\/span> Leia mais &raquo;<\/a><\/p>\n","protected":false},"author":1,"featured_media":0,"parent":0,"menu_order":0,"comment_status":"closed","ping_status":"closed","template":"elementor_canvas","meta":{"_eb_attr":"","site-sidebar-layout":"no-sidebar","site-content-layout":"page-builder","ast-global-header-display":"","ast-main-header-display":"","ast-hfb-above-header-display":"","ast-hfb-below-header-display":"","ast-hfb-mobile-header-display":"","site-post-title":"disabled","ast-breadcrumbs-content":"","ast-featured-img":"disabled","footer-sml-layout":"","theme-transparent-header-meta":"","adv-header-id-meta":"","stick-header-meta":"","header-above-stick-meta":"","header-main-stick-meta":"","header-below-stick-meta":"","footnotes":""},"aioseo_notices":[],"jetpack_sharing_enabled":true,"_links":{"self":[{"href":"https:\/\/jazznaavenida.com\/index.php\/wp-json\/wp\/v2\/pages\/1465"}],"collection":[{"href":"https:\/\/jazznaavenida.com\/index.php\/wp-json\/wp\/v2\/pages"}],"about":[{"href":"https:\/\/jazznaavenida.com\/index.php\/wp-json\/wp\/v2\/types\/page"}],"author":[{"embeddable":true,"href":"https:\/\/jazznaavenida.com\/index.php\/wp-json\/wp\/v2\/users\/1"}],"replies":[{"embeddable":true,"href":"https:\/\/jazznaavenida.com\/index.php\/wp-json\/wp\/v2\/comments?post=1465"}],"version-history":[{"count":37,"href":"https:\/\/jazznaavenida.com\/index.php\/wp-json\/wp\/v2\/pages\/1465\/revisions"}],"predecessor-version":[{"id":4344,"href":"https:\/\/jazznaavenida.com\/index.php\/wp-json\/wp\/v2\/pages\/1465\/revisions\/4344"}],"wp:attachment":[{"href":"https:\/\/jazznaavenida.com\/index.php\/wp-json\/wp\/v2\/media?parent=1465"}],"curies":[{"name":"wp","href":"https:\/\/api.w.org\/{rel}","templated":true}]}}