{"id":2271,"date":"2023-07-04T15:47:34","date_gmt":"2023-07-04T18:47:34","guid":{"rendered":"https:\/\/jazznaavenida.com\/?page_id=2271"},"modified":"2026-01-29T12:09:27","modified_gmt":"2026-01-29T15:09:27","slug":"faq","status":"publish","type":"page","link":"https:\/\/jazznaavenida.com\/index.php\/faq\/","title":{"rendered":"FAQ"},"content":{"rendered":"\t\t<div data-elementor-type=\"wp-page\" data-elementor-id=\"2271\" class=\"elementor elementor-2271\">\n\t\t\t\t\t\t<section data-particle_enable=\"false\" data-particle-mobile-disabled=\"false\" class=\"elementor-section elementor-top-section elementor-element elementor-element-fd00314 elementor-section-full_width elementor-section-height-default elementor-section-height-default\" data-id=\"fd00314\" data-element_type=\"section\">\n\t\t\t\t\t\t<div class=\"elementor-container elementor-column-gap-default\">\n\t\t\t\t\t<div class=\"elementor-column elementor-col-33 elementor-top-column elementor-element elementor-element-f12b8ea\" data-id=\"f12b8ea\" data-element_type=\"column\">\n\t\t\t<div class=\"elementor-widget-wrap elementor-element-populated\">\n\t\t\t\t\t\t<div class=\"elementor-element elementor-element-b986196 elementor-widget elementor-widget-image\" data-id=\"b986196\" data-element_type=\"widget\" data-widget_type=\"image.default\">\n\t\t\t\t<div class=\"elementor-widget-container\">\n\t\t\t<style>\/*! elementor - v3.19.0 - 07-02-2024 *\/\n.elementor-widget-image{text-align:center}.elementor-widget-image a{display:inline-block}.elementor-widget-image a img[src$=\".svg\"]{width:48px}.elementor-widget-image img{vertical-align:middle;display:inline-block}<\/style>\t\t\t\t\t\t\t\t\t\t\t<a href=\"https:\/\/jazznaavenida.com\/\">\n\t\t\t\t\t\t\t<img fetchpriority=\"high\" decoding=\"async\" width=\"1019\" height=\"1024\" src=\"https:\/\/jazznaavenida.com\/wp-content\/uploads\/2025\/01\/AF-logo-PROJETO-2025-PNG-1019x1024.png\" class=\"attachment-large size-large wp-image-4198\" alt=\"\" srcset=\"https:\/\/jazznaavenida.com\/wp-content\/uploads\/2025\/01\/AF-logo-PROJETO-2025-PNG-1019x1024.png 1019w, https:\/\/jazznaavenida.com\/wp-content\/uploads\/2025\/01\/AF-logo-PROJETO-2025-PNG-300x300.png 300w, https:\/\/jazznaavenida.com\/wp-content\/uploads\/2025\/01\/AF-logo-PROJETO-2025-PNG-150x150.png 150w, https:\/\/jazznaavenida.com\/wp-content\/uploads\/2025\/01\/AF-logo-PROJETO-2025-PNG-768x772.png 768w, https:\/\/jazznaavenida.com\/wp-content\/uploads\/2025\/01\/AF-logo-PROJETO-2025-PNG-1529x1536.png 1529w, https:\/\/jazznaavenida.com\/wp-content\/uploads\/2025\/01\/AF-logo-PROJETO-2025-PNG-2038x2048.png 2038w, https:\/\/jazznaavenida.com\/wp-content\/uploads\/2025\/01\/AF-logo-PROJETO-2025-PNG-1320x1326.png 1320w, https:\/\/jazznaavenida.com\/wp-content\/uploads\/2025\/01\/AF-logo-PROJETO-2025-PNG-600x603.png 600w, https:\/\/jazznaavenida.com\/wp-content\/uploads\/2025\/01\/AF-logo-PROJETO-2025-PNG-100x100.png 100w\" sizes=\"(max-width: 1019px) 100vw, 1019px\" \/>\t\t\t\t\t\t\t\t<\/a>\n\t\t\t\t\t\t\t\t\t\t\t\t\t<\/div>\n\t\t\t\t<\/div>\n\t\t\t\t\t<\/div>\n\t\t<\/div>\n\t\t\t\t<div class=\"elementor-column elementor-col-33 elementor-top-column elementor-element elementor-element-c296991\" data-id=\"c296991\" data-element_type=\"column\">\n\t\t\t<div class=\"elementor-widget-wrap\">\n\t\t\t\t\t\t\t<\/div>\n\t\t<\/div>\n\t\t\t\t<div class=\"elementor-column elementor-col-33 elementor-top-column elementor-element elementor-element-78cf3c9\" data-id=\"78cf3c9\" data-element_type=\"column\">\n\t\t\t<div class=\"elementor-widget-wrap elementor-element-populated\">\n\t\t\t\t\t\t<div class=\"elementor-element elementor-element-5ae6b9a elementor-view-default elementor-widget elementor-widget-icon\" data-id=\"5ae6b9a\" data-element_type=\"widget\" data-widget_type=\"icon.default\">\n\t\t\t\t<div class=\"elementor-widget-container\">\n\t\t\t\t\t<div class=\"elementor-icon-wrapper\">\n\t\t\t<a class=\"elementor-icon\" href=\"https:\/\/jazznaavenida.com\/\">\n\t\t\t<i aria-hidden=\"true\" class=\"fas fa-home\"><\/i>\t\t\t<\/a>\n\t\t<\/div>\n\t\t\t\t<\/div>\n\t\t\t\t<\/div>\n\t\t\t\t\t<\/div>\n\t\t<\/div>\n\t\t\t\t\t<\/div>\n\t\t<\/section>\n\t\t\t\t<section data-particle_enable=\"false\" data-particle-mobile-disabled=\"false\" class=\"elementor-section elementor-top-section elementor-element elementor-element-ef57503 elementor-section-boxed elementor-section-height-default elementor-section-height-default\" data-id=\"ef57503\" data-element_type=\"section\">\n\t\t\t\t\t\t<div class=\"elementor-container elementor-column-gap-default\">\n\t\t\t\t\t<div class=\"elementor-column elementor-col-100 elementor-top-column elementor-element elementor-element-fc1d848\" data-id=\"fc1d848\" data-element_type=\"column\">\n\t\t\t<div class=\"elementor-widget-wrap elementor-element-populated\">\n\t\t\t\t\t\t<div class=\"elementor-element elementor-element-d2f6718 elementor-widget elementor-widget-heading\" data-id=\"d2f6718\" data-element_type=\"widget\" data-widget_type=\"heading.default\">\n\t\t\t\t<div class=\"elementor-widget-container\">\n\t\t\t<style>\/*! elementor - v3.19.0 - 07-02-2024 *\/\n.elementor-heading-title{padding:0;margin:0;line-height:1}.elementor-widget-heading .elementor-heading-title[class*=elementor-size-]>a{color:inherit;font-size:inherit;line-height:inherit}.elementor-widget-heading .elementor-heading-title.elementor-size-small{font-size:15px}.elementor-widget-heading .elementor-heading-title.elementor-size-medium{font-size:19px}.elementor-widget-heading .elementor-heading-title.elementor-size-large{font-size:29px}.elementor-widget-heading .elementor-heading-title.elementor-size-xl{font-size:39px}.elementor-widget-heading .elementor-heading-title.elementor-size-xxl{font-size:59px}<\/style><h2 class=\"elementor-heading-title elementor-size-default\">faq<\/h2>\t\t<\/div>\n\t\t\t\t<\/div>\n\t\t\t\t\t<\/div>\n\t\t<\/div>\n\t\t\t\t\t<\/div>\n\t\t<\/section>\n\t\t\t\t<section data-particle_enable=\"false\" data-particle-mobile-disabled=\"false\" class=\"elementor-section elementor-top-section elementor-element elementor-element-9a0fcf6 elementor-section-boxed elementor-section-height-default elementor-section-height-default\" data-id=\"9a0fcf6\" data-element_type=\"section\">\n\t\t\t\t\t\t<div class=\"elementor-container elementor-column-gap-default\">\n\t\t\t\t\t<div class=\"elementor-column elementor-col-100 elementor-top-column elementor-element elementor-element-38c30ee\" data-id=\"38c30ee\" data-element_type=\"column\">\n\t\t\t<div class=\"elementor-widget-wrap elementor-element-populated\">\n\t\t\t\t\t\t<div class=\"elementor-element elementor-element-cf2ff86 elementor-widget elementor-widget-heading\" data-id=\"cf2ff86\" data-element_type=\"widget\" data-widget_type=\"heading.default\">\n\t\t\t\t<div class=\"elementor-widget-container\">\n\t\t\t<h2 class=\"elementor-heading-title elementor-size-default\">perguntas frequentes<\/h2>\t\t<\/div>\n\t\t\t\t<\/div>\n\t\t\t\t\t<\/div>\n\t\t<\/div>\n\t\t\t\t\t<\/div>\n\t\t<\/section>\n\t\t\t\t<section data-particle_enable=\"false\" data-particle-mobile-disabled=\"false\" class=\"elementor-section elementor-top-section elementor-element elementor-element-02ca96b elementor-section-boxed elementor-section-height-default elementor-section-height-default\" data-id=\"02ca96b\" data-element_type=\"section\">\n\t\t\t\t\t\t<div class=\"elementor-container elementor-column-gap-default\">\n\t\t\t\t\t<div class=\"elementor-column elementor-col-100 elementor-top-column elementor-element elementor-element-1816135\" data-id=\"1816135\" data-element_type=\"column\">\n\t\t\t<div class=\"elementor-widget-wrap elementor-element-populated\">\n\t\t\t\t\t\t<div class=\"elementor-element elementor-element-2fdfeef elementor-widget elementor-widget-accordion\" data-id=\"2fdfeef\" data-element_type=\"widget\" data-widget_type=\"accordion.default\">\n\t\t\t\t<div class=\"elementor-widget-container\">\n\t\t\t<style>\/*! elementor - v3.19.0 - 07-02-2024 *\/\n.elementor-accordion{text-align:left}.elementor-accordion .elementor-accordion-item{border:1px solid #d5d8dc}.elementor-accordion .elementor-accordion-item+.elementor-accordion-item{border-top:none}.elementor-accordion .elementor-tab-title{margin:0;padding:15px 20px;font-weight:700;line-height:1;cursor:pointer;outline:none}.elementor-accordion .elementor-tab-title .elementor-accordion-icon{display:inline-block;width:1.5em}.elementor-accordion .elementor-tab-title .elementor-accordion-icon svg{width:1em;height:1em}.elementor-accordion .elementor-tab-title .elementor-accordion-icon.elementor-accordion-icon-right{float:right;text-align:right}.elementor-accordion .elementor-tab-title .elementor-accordion-icon.elementor-accordion-icon-left{float:left;text-align:left}.elementor-accordion .elementor-tab-title .elementor-accordion-icon .elementor-accordion-icon-closed{display:block}.elementor-accordion .elementor-tab-title .elementor-accordion-icon .elementor-accordion-icon-opened,.elementor-accordion .elementor-tab-title.elementor-active .elementor-accordion-icon-closed{display:none}.elementor-accordion .elementor-tab-title.elementor-active .elementor-accordion-icon-opened{display:block}.elementor-accordion .elementor-tab-content{display:none;padding:15px 20px;border-top:1px solid #d5d8dc}@media (max-width:767px){.elementor-accordion .elementor-tab-title{padding:12px 15px}.elementor-accordion .elementor-tab-title .elementor-accordion-icon{width:1.2em}.elementor-accordion .elementor-tab-content{padding:7px 15px}}.e-con-inner>.elementor-widget-accordion,.e-con>.elementor-widget-accordion{width:var(--container-widget-width);--flex-grow:var(--container-widget-flex-grow)}<\/style>\t\t<div class=\"elementor-accordion\">\n\t\t\t\t\t\t\t<div class=\"elementor-accordion-item\">\n\t\t\t\t\t<div id=\"elementor-tab-title-5021\" class=\"elementor-tab-title\" data-tab=\"1\" role=\"button\" aria-controls=\"elementor-tab-content-5021\" aria-expanded=\"false\">\n\t\t\t\t\t\t\t\t\t\t\t\t\t<span class=\"elementor-accordion-icon elementor-accordion-icon-left\" aria-hidden=\"true\">\n\t\t\t\t\t\t\t\t\t\t\t\t\t\t\t<span class=\"elementor-accordion-icon-closed\"><i class=\"fas fa-caret-right\"><\/i><\/span>\n\t\t\t\t\t\t\t\t<span class=\"elementor-accordion-icon-opened\"><i class=\"fas fa-caret-up\"><\/i><\/span>\n\t\t\t\t\t\t\t\t\t\t\t\t\t\t<\/span>\n\t\t\t\t\t\t\t\t\t\t\t\t<a class=\"elementor-accordion-title\" tabindex=\"0\">Quero conhecer um pouquinho a hist\u00f3ria do JNA<\/a>\n\t\t\t\t\t<\/div>\n\t\t\t\t\t<div id=\"elementor-tab-content-5021\" class=\"elementor-tab-content elementor-clearfix\" data-tab=\"1\" role=\"region\" aria-labelledby=\"elementor-tab-title-5021\"><p>Para conhecer um pouco a hist\u00f3ria do Jazz Na Avenida, que em 2024 completar\u00e1 12 anos de exist\u00eancia, acesse nosso Hist\u00f3rico no site atrav\u00e9s do link: <a href=\"https:\/\/jazznaavenida.com\/index.php\/historico\/\">https:\/\/jazznaavenida.com\/index.php\/historico\/<\/a><\/p><\/div>\n\t\t\t\t<\/div>\n\t\t\t\t\t\t\t<div class=\"elementor-accordion-item\">\n\t\t\t\t\t<div id=\"elementor-tab-title-5022\" class=\"elementor-tab-title\" data-tab=\"2\" role=\"button\" aria-controls=\"elementor-tab-content-5022\" aria-expanded=\"false\">\n\t\t\t\t\t\t\t\t\t\t\t\t\t<span class=\"elementor-accordion-icon elementor-accordion-icon-left\" aria-hidden=\"true\">\n\t\t\t\t\t\t\t\t\t\t\t\t\t\t\t<span class=\"elementor-accordion-icon-closed\"><i class=\"fas fa-caret-right\"><\/i><\/span>\n\t\t\t\t\t\t\t\t<span class=\"elementor-accordion-icon-opened\"><i class=\"fas fa-caret-up\"><\/i><\/span>\n\t\t\t\t\t\t\t\t\t\t\t\t\t\t<\/span>\n\t\t\t\t\t\t\t\t\t\t\t\t<a class=\"elementor-accordion-title\" tabindex=\"0\">Localiza\u00e7\u00e3o \/ Maps<\/a>\n\t\t\t\t\t<\/div>\n\t\t\t\t\t<div id=\"elementor-tab-content-5022\" class=\"elementor-tab-content elementor-clearfix\" data-tab=\"2\" role=\"region\" aria-labelledby=\"elementor-tab-title-5022\"><p>O Jazz Na Avenida fica localizado na Av. Simon Bol\u00edvar, 156, em Arma\u00e7\u00e3o, Salvador. Entre o restaurante Boi Preto e a Caixa econ\u00f4mica.<\/p><p>Segue o Link com a localiza\u00e7\u00e3o exata no google maps para facilitar a visualiza\u00e7\u00e3o.\u00a0<\/p><p><a href=\"https:\/\/www.google.com\/maps\/dir\/-12.9832868,-38.4534453\/jazz+na+avenida\/@-12.9775643,-38.4576463,14z\/data=!3m1!4b1!4m9!4m8!1m1!4e1!1m5!1m1!1s0x7161baf1b72ca09:0x5b01fbc7435b8bff!2m2!1d-38.4358062!2d-12.9843565\">Acesso ao Mapa aqui!<\/a><\/p><\/div>\n\t\t\t\t<\/div>\n\t\t\t\t\t\t\t<div class=\"elementor-accordion-item\">\n\t\t\t\t\t<div id=\"elementor-tab-title-5023\" class=\"elementor-tab-title\" data-tab=\"3\" role=\"button\" aria-controls=\"elementor-tab-content-5023\" aria-expanded=\"false\">\n\t\t\t\t\t\t\t\t\t\t\t\t\t<span class=\"elementor-accordion-icon elementor-accordion-icon-left\" aria-hidden=\"true\">\n\t\t\t\t\t\t\t\t\t\t\t\t\t\t\t<span class=\"elementor-accordion-icon-closed\"><i class=\"fas fa-caret-right\"><\/i><\/span>\n\t\t\t\t\t\t\t\t<span class=\"elementor-accordion-icon-opened\"><i class=\"fas fa-caret-up\"><\/i><\/span>\n\t\t\t\t\t\t\t\t\t\t\t\t\t\t<\/span>\n\t\t\t\t\t\t\t\t\t\t\t\t<a class=\"elementor-accordion-title\" tabindex=\"0\">Dias e hor\u00e1rios de funcionamento<\/a>\n\t\t\t\t\t<\/div>\n\t\t\t\t\t<div id=\"elementor-tab-content-5023\" class=\"elementor-tab-content elementor-clearfix\" data-tab=\"3\" role=\"region\" aria-labelledby=\"elementor-tab-title-5023\"><p>Jazz Na Avenida, Toda Sexta-feira. Abertura 18hrs \/ 19hrs: Show \ud83c\udfb7(Jazz) ver programa\u00e7\u00e3o semanal.<br \/>2\u00b0 parte: A tradicional Jam session<br \/>Entrada: 1kg de Alimentos ou PIX solidario !!<br \/>na Boca do Rio, perto da Caixa Econ\u00f4mica. <br \/>Info Sapp: (71)99671-6117<\/p><\/div>\n\t\t\t\t<\/div>\n\t\t\t\t\t\t\t<div class=\"elementor-accordion-item\">\n\t\t\t\t\t<div id=\"elementor-tab-title-5024\" class=\"elementor-tab-title\" data-tab=\"4\" role=\"button\" aria-controls=\"elementor-tab-content-5024\" aria-expanded=\"false\">\n\t\t\t\t\t\t\t\t\t\t\t\t\t<span class=\"elementor-accordion-icon elementor-accordion-icon-left\" aria-hidden=\"true\">\n\t\t\t\t\t\t\t\t\t\t\t\t\t\t\t<span class=\"elementor-accordion-icon-closed\"><i class=\"fas fa-caret-right\"><\/i><\/span>\n\t\t\t\t\t\t\t\t<span class=\"elementor-accordion-icon-opened\"><i class=\"fas fa-caret-up\"><\/i><\/span>\n\t\t\t\t\t\t\t\t\t\t\t\t\t\t<\/span>\n\t\t\t\t\t\t\t\t\t\t\t\t<a class=\"elementor-accordion-title\" tabindex=\"0\"> Programa\u00e7\u00e3o - atra\u00e7\u00f5es e valores para entrar<\/a>\n\t\t\t\t\t<\/div>\n\t\t\t\t\t<div id=\"elementor-tab-content-5024\" class=\"elementor-tab-content elementor-clearfix\" data-tab=\"4\" role=\"region\" aria-labelledby=\"elementor-tab-title-5024\"><p>As atra\u00e7\u00f5es s\u00e3o divulgadas semanalmente em nossos canais oficiais, como grupos de WhatsApp, Instagram e site do JNA. A entrada na Associa\u00e7\u00e3o Cultural Jazz na Avenida \u00e9 colaborativa e conta apenas com uma contribui\u00e7\u00e3o: 1kg de alimento n\u00e3o perec\u00edvel por pessoa ou um pix solid\u00e1rio de qualquer valor. Os alimentos e verba recebidos s\u00e3o convertidos em doa\u00e7\u00f5es de cestas b\u00e1sicas para os moradores da comunidade da Boca do Rio, em uma a\u00e7\u00e3o social mensal realizada por n\u00f3s.<\/p><\/div>\n\t\t\t\t<\/div>\n\t\t\t\t\t\t\t<div class=\"elementor-accordion-item\">\n\t\t\t\t\t<div id=\"elementor-tab-title-5025\" class=\"elementor-tab-title\" data-tab=\"5\" role=\"button\" aria-controls=\"elementor-tab-content-5025\" aria-expanded=\"false\">\n\t\t\t\t\t\t\t\t\t\t\t\t\t<span class=\"elementor-accordion-icon elementor-accordion-icon-left\" aria-hidden=\"true\">\n\t\t\t\t\t\t\t\t\t\t\t\t\t\t\t<span class=\"elementor-accordion-icon-closed\"><i class=\"fas fa-caret-right\"><\/i><\/span>\n\t\t\t\t\t\t\t\t<span class=\"elementor-accordion-icon-opened\"><i class=\"fas fa-caret-up\"><\/i><\/span>\n\t\t\t\t\t\t\t\t\t\t\t\t\t\t<\/span>\n\t\t\t\t\t\t\t\t\t\t\t\t<a class=\"elementor-accordion-title\" tabindex=\"0\"> PONTO DE CULTURA<\/a>\n\t\t\t\t\t<\/div>\n\t\t\t\t\t<div id=\"elementor-tab-content-5025\" class=\"elementor-tab-content elementor-clearfix\" data-tab=\"5\" role=\"region\" aria-labelledby=\"elementor-tab-title-5025\"><p>Somos um Ponto de Cultura reconhecido pelo Minc &#8211;\u00a0 N\u00e3o somos um bar. A venda de bebidas e lanches no local \u00e9 somente para sustentar o projeto, n\u00e3o \u00e9 para fins lucrativos. N\u00e3o temos patroc\u00ednio.<\/p><\/div>\n\t\t\t\t<\/div>\n\t\t\t\t\t\t\t<div class=\"elementor-accordion-item\">\n\t\t\t\t\t<div id=\"elementor-tab-title-5026\" class=\"elementor-tab-title\" data-tab=\"6\" role=\"button\" aria-controls=\"elementor-tab-content-5026\" aria-expanded=\"false\">\n\t\t\t\t\t\t\t\t\t\t\t\t\t<span class=\"elementor-accordion-icon elementor-accordion-icon-left\" aria-hidden=\"true\">\n\t\t\t\t\t\t\t\t\t\t\t\t\t\t\t<span class=\"elementor-accordion-icon-closed\"><i class=\"fas fa-caret-right\"><\/i><\/span>\n\t\t\t\t\t\t\t\t<span class=\"elementor-accordion-icon-opened\"><i class=\"fas fa-caret-up\"><\/i><\/span>\n\t\t\t\t\t\t\t\t\t\t\t\t\t\t<\/span>\n\t\t\t\t\t\t\t\t\t\t\t\t<a class=\"elementor-accordion-title\" tabindex=\"0\">A\u00e7\u00e3o solid\u00e1ria \u2013 Quero contribuir com uma doa\u00e7\u00e3o ou participar como volunt\u00e1rio (a)<\/a>\n\t\t\t\t\t<\/div>\n\t\t\t\t\t<div id=\"elementor-tab-content-5026\" class=\"elementor-tab-content elementor-clearfix\" data-tab=\"6\" role=\"region\" aria-labelledby=\"elementor-tab-title-5026\"><p>Agradecemos imensamente o seu interesse em fazer parte da nossa a\u00e7\u00e3o solid\u00e1ria. Atrav\u00e9s dessa a\u00e7\u00e3o n\u00f3s, do Jazz Na Avenida, conseguimos ajudar centenas de pessoas das comunidades ao nosso redor, e ficamos muito felizes que voc\u00ea fa\u00e7a parte dessa hist\u00f3ria. <a href=\"https:\/\/www.jazznaavenida.org\">www.jazznaavenida.org<\/a><\/p><\/div>\n\t\t\t\t<\/div>\n\t\t\t\t\t\t\t<div class=\"elementor-accordion-item\">\n\t\t\t\t\t<div id=\"elementor-tab-title-5027\" class=\"elementor-tab-title\" data-tab=\"7\" role=\"button\" aria-controls=\"elementor-tab-content-5027\" aria-expanded=\"false\">\n\t\t\t\t\t\t\t\t\t\t\t\t\t<span class=\"elementor-accordion-icon elementor-accordion-icon-left\" aria-hidden=\"true\">\n\t\t\t\t\t\t\t\t\t\t\t\t\t\t\t<span class=\"elementor-accordion-icon-closed\"><i class=\"fas fa-caret-right\"><\/i><\/span>\n\t\t\t\t\t\t\t\t<span class=\"elementor-accordion-icon-opened\"><i class=\"fas fa-caret-up\"><\/i><\/span>\n\t\t\t\t\t\t\t\t\t\t\t\t\t\t<\/span>\n\t\t\t\t\t\t\t\t\t\t\t\t<a class=\"elementor-accordion-title\" tabindex=\"0\">Sustentabilidade - Descartando os descart\u00e1veis !<\/a>\n\t\t\t\t\t<\/div>\n\t\t\t\t\t<div id=\"elementor-tab-content-5027\" class=\"elementor-tab-content elementor-clearfix\" data-tab=\"7\" role=\"region\" aria-labelledby=\"elementor-tab-title-5027\"><div class=\"elementor-element elementor-element-df485e2 elementor-widget elementor-widget-heading\" data-id=\"df485e2\" data-element_type=\"widget\" data-widget_type=\"heading.default\"><div class=\"elementor-widget-container\"><p class=\"elementor-heading-title elementor-size-default\">Temos plena consci\u00eancia e cuidado com a sustentabilidade na sede do <em>Jazz na Avenida<\/em>\u00a0e em todos os nossos eventos, sempre buscando reduzir ao m\u00e1ximo o impacto ambiental causado por descart\u00e1veis pl\u00e1sticos.<\/p><\/div><\/div><div class=\"elementor-element elementor-element-427fe2f elementor-widget elementor-widget-text-editor\" data-id=\"427fe2f\" data-element_type=\"widget\" data-widget_type=\"text-editor.default\"><div class=\"elementor-widget-container\"><p>Utilizamos exclusivamente canudos, copos e bandejas de papel, al\u00e9m de copos de vidro recicl\u00e1veis, feito por long-necks e garrafas de vinho, que s\u00e3o elaborados e transformados por pessoas da comunidade. Nossas camisetas s\u00e3o confeccionadas com tecido 100% algod\u00e3o, promovendo um consumo mais consciente.<img decoding=\"async\" class=\"alignnone  wp-image-4456\" src=\"https:\/\/jazznaavenida.com\/wp-content\/uploads\/2026\/01\/Sustentabilidade-JNA-300x300.jpg\" alt=\"\" width=\"99\" height=\"99\" srcset=\"https:\/\/jazznaavenida.com\/wp-content\/uploads\/2026\/01\/Sustentabilidade-JNA-300x300.jpg 300w, https:\/\/jazznaavenida.com\/wp-content\/uploads\/2026\/01\/Sustentabilidade-JNA-1024x1024.jpg 1024w, https:\/\/jazznaavenida.com\/wp-content\/uploads\/2026\/01\/Sustentabilidade-JNA-150x150.jpg 150w, https:\/\/jazznaavenida.com\/wp-content\/uploads\/2026\/01\/Sustentabilidade-JNA-768x768.jpg 768w, https:\/\/jazznaavenida.com\/wp-content\/uploads\/2026\/01\/Sustentabilidade-JNA-600x600.jpg 600w, https:\/\/jazznaavenida.com\/wp-content\/uploads\/2026\/01\/Sustentabilidade-JNA-100x100.jpg 100w, https:\/\/jazznaavenida.com\/wp-content\/uploads\/2026\/01\/Sustentabilidade-JNA.jpg 1080w\" sizes=\"(max-width: 99px) 100vw, 99px\" \/><\/p><\/div><\/div><\/div>\n\t\t\t\t<\/div>\n\t\t\t\t\t\t\t<div class=\"elementor-accordion-item\">\n\t\t\t\t\t<div id=\"elementor-tab-title-5028\" class=\"elementor-tab-title\" data-tab=\"8\" role=\"button\" aria-controls=\"elementor-tab-content-5028\" aria-expanded=\"false\">\n\t\t\t\t\t\t\t\t\t\t\t\t\t<span class=\"elementor-accordion-icon elementor-accordion-icon-left\" aria-hidden=\"true\">\n\t\t\t\t\t\t\t\t\t\t\t\t\t\t\t<span class=\"elementor-accordion-icon-closed\"><i class=\"fas fa-caret-right\"><\/i><\/span>\n\t\t\t\t\t\t\t\t<span class=\"elementor-accordion-icon-opened\"><i class=\"fas fa-caret-up\"><\/i><\/span>\n\t\t\t\t\t\t\t\t\t\t\t\t\t\t<\/span>\n\t\t\t\t\t\t\t\t\t\t\t\t<a class=\"elementor-accordion-title\" tabindex=\"0\">Quero tocar no jazz, realizar um show, o que devo fazer?<\/a>\n\t\t\t\t\t<\/div>\n\t\t\t\t\t<div id=\"elementor-tab-content-5028\" class=\"elementor-tab-content elementor-clearfix\" data-tab=\"8\" role=\"region\" aria-labelledby=\"elementor-tab-title-5028\"><p>Se voc\u00ea deseja realizar um show no JNA, o primeiro passo \u00e9 nos enviar seu material. <br \/>Voc\u00ea pode envi\u00e1-lo para o email: pauta.jna@gmail.com<\/p><p>Envie portf\u00f3lios, links, sites, Instagram, seu n\u00famero para contato e tudo mais que nos ajude a conhecer um pouquinho o seu trabalho, ok?!<\/p><p>Caso resida em Salvador, convidamos voc\u00ea a se apresentar em uma Jam Session. Nossas Jam Session&#8217;s acontecem todas as sextas e s\u00e1bados, por volta das 21h, ap\u00f3s o show principal, e o palco \u00e9 aberto. Para isso, basta voc\u00ea ir ao JNA nas sextas ou s\u00e1bados, procurar o nosso respons\u00e1vel no local e informar que gostaria de participar da Jam. Assim, voc\u00eas poder\u00e3o se conhecer e, em caso de interesse m\u00fatuo, alinhar um poss\u00edvel show principal, certo? Este \u00e9 o melhor caminho para alinhar um poss\u00edvel show.<\/p><\/div>\n\t\t\t\t<\/div>\n\t\t\t\t\t\t\t<div class=\"elementor-accordion-item\">\n\t\t\t\t\t<div id=\"elementor-tab-title-5029\" class=\"elementor-tab-title\" data-tab=\"9\" role=\"button\" aria-controls=\"elementor-tab-content-5029\" aria-expanded=\"false\">\n\t\t\t\t\t\t\t\t\t\t\t\t\t<span class=\"elementor-accordion-icon elementor-accordion-icon-left\" aria-hidden=\"true\">\n\t\t\t\t\t\t\t\t\t\t\t\t\t\t\t<span class=\"elementor-accordion-icon-closed\"><i class=\"fas fa-caret-right\"><\/i><\/span>\n\t\t\t\t\t\t\t\t<span class=\"elementor-accordion-icon-opened\"><i class=\"fas fa-caret-up\"><\/i><\/span>\n\t\t\t\t\t\t\t\t\t\t\t\t\t\t<\/span>\n\t\t\t\t\t\t\t\t\t\t\t\t<a class=\"elementor-accordion-title\" tabindex=\"0\">Quero contratar uma banda para o meu evento\/confraterniza\u00e7\u00e3o<\/a>\n\t\t\t\t\t<\/div>\n\t\t\t\t\t<div id=\"elementor-tab-content-5029\" class=\"elementor-tab-content elementor-clearfix\" data-tab=\"9\" role=\"region\" aria-labelledby=\"elementor-tab-title-5029\"><p>Agradecemos pelo seu interesse em contratar uma banda. Para que possamos te ajudar, por favor, indique qual banda voc\u00ea deseja contratar, qual o tipo de evento que voc\u00ea est\u00e1 organizando e, se poss\u00edvel, se voc\u00ea j\u00e1 tem uma data definida para o evento. Com essas informa\u00e7\u00f5es, poderemos fornecer orienta\u00e7\u00f5es mais espec\u00edficas sobre como proceder, ok?! Segue nossa Whatsapp: +5571996716117<\/p><\/div>\n\t\t\t\t<\/div>\n\t\t\t\t\t\t\t\t<\/div>\n\t\t\t\t<\/div>\n\t\t\t\t<\/div>\n\t\t\t\t\t<\/div>\n\t\t<\/div>\n\t\t\t\t\t<\/div>\n\t\t<\/section>\n\t\t\t\t<section data-particle_enable=\"false\" data-particle-mobile-disabled=\"false\" class=\"elementor-section elementor-top-section elementor-element elementor-element-43b1d75 elementor-section-boxed elementor-section-height-default elementor-section-height-default\" data-id=\"43b1d75\" data-element_type=\"section\">\n\t\t\t\t\t\t<div class=\"elementor-container elementor-column-gap-default\">\n\t\t\t\t\t<div class=\"elementor-column elementor-col-100 elementor-top-column elementor-element elementor-element-53dffe1\" data-id=\"53dffe1\" data-element_type=\"column\">\n\t\t\t<div class=\"elementor-widget-wrap\">\n\t\t\t\t\t\t\t<\/div>\n\t\t<\/div>\n\t\t\t\t\t<\/div>\n\t\t<\/section>\n\t\t\t\t<\/div>\n\t\t","protected":false},"excerpt":{"rendered":"<p>faq perguntas frequentes Quero conhecer um pouquinho a hist\u00f3ria do JNA Para conhecer um pouco a hist\u00f3ria do Jazz Na Avenida, que em 2024 completar\u00e1 12 anos de exist\u00eancia, acesse nosso Hist\u00f3rico no site atrav\u00e9s do link: https:\/\/jazznaavenida.com\/index.php\/historico\/ Localiza\u00e7\u00e3o \/ Maps O Jazz Na Avenida fica localizado na Av. Simon Bol\u00edvar, 156, em Arma\u00e7\u00e3o, Salvador. &hellip;<\/p>\n<p class=\"read-more\"> <a class=\"\" href=\"https:\/\/jazznaavenida.com\/index.php\/faq\/\"> <span class=\"screen-reader-text\">FAQ<\/span> Leia mais &raquo;<\/a><\/p>\n","protected":false},"author":1,"featured_media":0,"parent":0,"menu_order":0,"comment_status":"closed","ping_status":"closed","template":"elementor_canvas","meta":{"_eb_attr":"","site-sidebar-layout":"no-sidebar","site-content-layout":"page-builder","ast-global-header-display":"","ast-main-header-display":"","ast-hfb-above-header-display":"","ast-hfb-below-header-display":"","ast-hfb-mobile-header-display":"","site-post-title":"disabled","ast-breadcrumbs-content":"","ast-featured-img":"disabled","footer-sml-layout":"","theme-transparent-header-meta":"","adv-header-id-meta":"","stick-header-meta":"","header-above-stick-meta":"","header-main-stick-meta":"","header-below-stick-meta":"","footnotes":""},"aioseo_notices":[],"jetpack_sharing_enabled":true,"_links":{"self":[{"href":"https:\/\/jazznaavenida.com\/index.php\/wp-json\/wp\/v2\/pages\/2271"}],"collection":[{"href":"https:\/\/jazznaavenida.com\/index.php\/wp-json\/wp\/v2\/pages"}],"about":[{"href":"https:\/\/jazznaavenida.com\/index.php\/wp-json\/wp\/v2\/types\/page"}],"author":[{"embeddable":true,"href":"https:\/\/jazznaavenida.com\/index.php\/wp-json\/wp\/v2\/users\/1"}],"replies":[{"embeddable":true,"href":"https:\/\/jazznaavenida.com\/index.php\/wp-json\/wp\/v2\/comments?post=2271"}],"version-history":[{"count":76,"href":"https:\/\/jazznaavenida.com\/index.php\/wp-json\/wp\/v2\/pages\/2271\/revisions"}],"predecessor-version":[{"id":4466,"href":"https:\/\/jazznaavenida.com\/index.php\/wp-json\/wp\/v2\/pages\/2271\/revisions\/4466"}],"wp:attachment":[{"href":"https:\/\/jazznaavenida.com\/index.php\/wp-json\/wp\/v2\/media?parent=2271"}],"curies":[{"name":"wp","href":"https:\/\/api.w.org\/{rel}","templated":true}]}}